{"id":2255,"date":"2023-03-02T11:35:45","date_gmt":"2023-03-02T15:35:45","guid":{"rendered":"https:\/\/bumasyperu.com\/?post_type=product&#038;p=2255"},"modified":"2023-09-04T13:55:35","modified_gmt":"2023-09-04T17:55:35","slug":"vlt-hvac-basic-drive-fc-101-380v-480v","status":"publish","type":"product","link":"https:\/\/bumasyperu.com\/en\/product\/vlt-hvac-basic-drive-fc-101-380v-480v\/","title":{"rendered":"VLT\u00ae HVAC Basic Drive FC 101 (380v-480v)"},"content":{"rendered":"<p>The Danfoss HVAC\u00ae Basic Drive FC 101 stands out for its compact design in its class and offers a number of advanced features, including the AEO (Automatic Energy Optimizer), a feature that helps reduce energy consumption in a significant range, approximately 15-20%. This drive is particularly suitable for critical applications in ventilation, heating and cooling systems.<\/p>\n<p>Features and benefits:<\/p>\n<ul>\n<li>It is characterized by its easy configuration, installation and connection.<\/li>\n<li>It offers the option of in-flight re-engagement to minimize possible mechanical impacts on the system.<\/li>\n<li>It has an integrated PI controller.<\/li>\n<li>It includes specific functionalities for pumps and fans.<\/li>\n<li>A fire protection mode is available to enhance safety.<\/li>\n<li>In addition, the Automatic Energy Optimization function allows achieving additional energy savings ranging from 5% to 15%.<\/li>\n<\/ul>","protected":false},"excerpt":{"rendered":"<p>This Danfoss drive is compact and easy to install, it is designed to be used in ventilation, heating and cooling applications. It offers power ratings from 0.37 to 90 KW for a voltage of 380-480 VAC. Add it to your quote, we are here to help.<\/p>","protected":false},"featured_media":2423,"template":"","meta":{"_uag_custom_page_level_css":""},"product_brand":[],"product_cat":[90,57],"product_tag":[69,70,66,65],"class_list":{"0":"post-2255","1":"product","2":"type-product","3":"status-publish","4":"has-post-thumbnail","6":"product_cat-variadores-danfoss","7":"product_cat-variadores-danfoss-vlt","8":"product_tag-danfoss","9":"product_tag-fc101","10":"product_tag-hvac","11":"product_tag-variador","13":"first","14":"instock","15":"taxable","16":"shipping-taxable","17":"purchasable","18":"product-type-variable","19":"has-default-attributes"},"yoast_head":"<!-- This site is optimized with the Yoast SEO plugin v27.3 - https:\/\/yoast.com\/product\/yoast-seo-wordpress\/ -->\n<title>Variador Danfoss VLT\u00ae HVAC Basic Drive FC 101 (380v-480v)<\/title>\n<meta name=\"description\" content=\"Variador robusto y compacto de la marca Danfoss para aplicaciones de ventilaci\u00f3n, bombeo, entre otros. Tensiones(VAC) : 200 - 240 y 380- 400. Consulte Hp.\" \/>\n<meta name=\"robots\" content=\"index, follow, max-snippet:-1, max-image-preview:large, max-video-preview:-1\" \/>\n<link rel=\"canonical\" href=\"https:\/\/bumasyperu.com\/en\/product\/vlt-hvac-basic-drive-fc-101-380v-480v\/\" \/>\n<meta property=\"og:locale\" content=\"en_US\" \/>\n<meta property=\"og:type\" content=\"article\" \/>\n<meta property=\"og:title\" content=\"Variador Danfoss VLT\u00ae HVAC Basic Drive FC 101 (380v-480v)\" \/>\n<meta property=\"og:description\" content=\"Variador robusto y compacto de la marca Danfoss para aplicaciones de ventilaci\u00f3n, bombeo, entre otros. Tensiones(VAC) : 200 - 240 y 380- 400. Consulte Hp.\" \/>\n<meta property=\"og:url\" content=\"https:\/\/bumasyperu.com\/en\/product\/vlt-hvac-basic-drive-fc-101-380v-480v\/\" \/>\n<meta property=\"article:publisher\" content=\"https:\/\/www.facebook.com\/people\/Bumasy-Peru\/100063554561785\/\" \/>\n<meta property=\"article:modified_time\" content=\"2023-09-04T17:55:35+00:00\" \/>\n<meta property=\"og:image\" content=\"https:\/\/bumasyperu.com\/wp-content\/uploads\/2023\/03\/f101-1-e1689625483693.webp\" \/>\n\t<meta property=\"og:image:width\" content=\"618\" \/>\n\t<meta property=\"og:image:height\" content=\"629\" \/>\n\t<meta property=\"og:image:type\" content=\"image\/webp\" \/>\n<meta name=\"twitter:card\" content=\"summary_large_image\" \/>\n<meta name=\"twitter:label1\" content=\"Est. reading time\" \/>\n\t<meta name=\"twitter:data1\" content=\"1 minute\" \/>\n<script type=\"application\/ld+json\" class=\"yoast-schema-graph\">{\"@context\":\"https:\\\/\\\/schema.org\",\"@graph\":[{\"@type\":\"WebPage\",\"@id\":\"https:\\\/\\\/bumasyperu.com\\\/product\\\/vlt-hvac-basic-drive-fc-101-380v-480v\\\/\",\"url\":\"https:\\\/\\\/bumasyperu.com\\\/product\\\/vlt-hvac-basic-drive-fc-101-380v-480v\\\/\",\"name\":\"Variador Danfoss VLT\u00ae HVAC Basic Drive FC 101 (380v-480v)\",\"isPartOf\":{\"@id\":\"https:\\\/\\\/bumasyperu.com\\\/#website\"},\"primaryImageOfPage\":{\"@id\":\"https:\\\/\\\/bumasyperu.com\\\/product\\\/vlt-hvac-basic-drive-fc-101-380v-480v\\\/#primaryimage\"},\"image\":{\"@id\":\"https:\\\/\\\/bumasyperu.com\\\/product\\\/vlt-hvac-basic-drive-fc-101-380v-480v\\\/#primaryimage\"},\"thumbnailUrl\":\"https:\\\/\\\/bumasyperu.com\\\/wp-content\\\/uploads\\\/2023\\\/03\\\/f101-1-e1689625483693.webp\",\"datePublished\":\"2023-03-02T15:35:45+00:00\",\"dateModified\":\"2023-09-04T17:55:35+00:00\",\"description\":\"Variador robusto y compacto de la marca Danfoss para aplicaciones de ventilaci\u00f3n, bombeo, entre otros. Tensiones(VAC) : 200 - 240 y 380- 400. Consulte Hp.\",\"breadcrumb\":{\"@id\":\"https:\\\/\\\/bumasyperu.com\\\/product\\\/vlt-hvac-basic-drive-fc-101-380v-480v\\\/#breadcrumb\"},\"inLanguage\":\"en-US\",\"potentialAction\":[{\"@type\":\"ReadAction\",\"target\":[\"https:\\\/\\\/bumasyperu.com\\\/product\\\/vlt-hvac-basic-drive-fc-101-380v-480v\\\/\"]}]},{\"@type\":\"ImageObject\",\"inLanguage\":\"en-US\",\"@id\":\"https:\\\/\\\/bumasyperu.com\\\/product\\\/vlt-hvac-basic-drive-fc-101-380v-480v\\\/#primaryimage\",\"url\":\"https:\\\/\\\/bumasyperu.com\\\/wp-content\\\/uploads\\\/2023\\\/03\\\/f101-1-e1689625483693.webp\",\"contentUrl\":\"https:\\\/\\\/bumasyperu.com\\\/wp-content\\\/uploads\\\/2023\\\/03\\\/f101-1-e1689625483693.webp\",\"width\":618,\"height\":629,\"caption\":\"Variador Danfoss FC101\"},{\"@type\":\"BreadcrumbList\",\"@id\":\"https:\\\/\\\/bumasyperu.com\\\/product\\\/vlt-hvac-basic-drive-fc-101-380v-480v\\\/#breadcrumb\",\"itemListElement\":[{\"@type\":\"ListItem\",\"position\":1,\"name\":\"Home\",\"item\":\"https:\\\/\\\/bumasyperu.com\\\/\"},{\"@type\":\"ListItem\",\"position\":2,\"name\":\"Tienda\",\"item\":\"https:\\\/\\\/bumasyperu.com\\\/tienda\\\/\"},{\"@type\":\"ListItem\",\"position\":3,\"name\":\"VLT\u00ae HVAC Basic Drive FC 101 (380v-480v)\"}]},{\"@type\":\"WebSite\",\"@id\":\"https:\\\/\\\/bumasyperu.com\\\/#website\",\"url\":\"https:\\\/\\\/bumasyperu.com\\\/\",\"name\":\"Bumasy Solutions\",\"description\":\"\",\"publisher\":{\"@id\":\"https:\\\/\\\/bumasyperu.com\\\/#organization\"},\"potentialAction\":[{\"@type\":\"SearchAction\",\"target\":{\"@type\":\"EntryPoint\",\"urlTemplate\":\"https:\\\/\\\/bumasyperu.com\\\/?s={search_term_string}\"},\"query-input\":{\"@type\":\"PropertyValueSpecification\",\"valueRequired\":true,\"valueName\":\"search_term_string\"}}],\"inLanguage\":\"en-US\"},{\"@type\":\"Organization\",\"@id\":\"https:\\\/\\\/bumasyperu.com\\\/#organization\",\"name\":\"Bumasy Solutions\",\"url\":\"https:\\\/\\\/bumasyperu.com\\\/\",\"logo\":{\"@type\":\"ImageObject\",\"inLanguage\":\"en-US\",\"@id\":\"https:\\\/\\\/bumasyperu.com\\\/#\\\/schema\\\/logo\\\/image\\\/\",\"url\":\"https:\\\/\\\/bumasyperu.com\\\/wp-content\\\/uploads\\\/2023\\\/08\\\/loguitobumasy.webp\",\"contentUrl\":\"https:\\\/\\\/bumasyperu.com\\\/wp-content\\\/uploads\\\/2023\\\/08\\\/loguitobumasy.webp\",\"width\":250,\"height\":84,\"caption\":\"Bumasy Solutions\"},\"image\":{\"@id\":\"https:\\\/\\\/bumasyperu.com\\\/#\\\/schema\\\/logo\\\/image\\\/\"},\"sameAs\":[\"https:\\\/\\\/www.facebook.com\\\/people\\\/Bumasy-Peru\\\/100063554561785\\\/\",\"https:\\\/\\\/www.instagram.com\\\/bumasysolutions\\\/\",\"https:\\\/\\\/pe.linkedin.com\\\/company\\\/bumasyperu\",\"https:\\\/\\\/www.youtube.com\\\/@bumasyperu6165\"]}]}<\/script>\n<!-- \/ Yoast SEO plugin. -->","yoast_head_json":{"title":"Variador Danfoss VLT\u00ae HVAC Basic Drive FC 101 (380v-480v)","description":"Variador robusto y compacto de la marca Danfoss para aplicaciones de ventilaci\u00f3n, bombeo, entre otros. Tensiones(VAC) : 200 - 240 y 380- 400. Consulte Hp.","robots":{"index":"index","follow":"follow","max-snippet":"max-snippet:-1","max-image-preview":"max-image-preview:large","max-video-preview":"max-video-preview:-1"},"canonical":"https:\/\/bumasyperu.com\/en\/product\/vlt-hvac-basic-drive-fc-101-380v-480v\/","og_locale":"en_US","og_type":"article","og_title":"Variador Danfoss VLT\u00ae HVAC Basic Drive FC 101 (380v-480v)","og_description":"Variador robusto y compacto de la marca Danfoss para aplicaciones de ventilaci\u00f3n, bombeo, entre otros. Tensiones(VAC) : 200 - 240 y 380- 400. Consulte Hp.","og_url":"https:\/\/bumasyperu.com\/en\/product\/vlt-hvac-basic-drive-fc-101-380v-480v\/","article_publisher":"https:\/\/www.facebook.com\/people\/Bumasy-Peru\/100063554561785\/","article_modified_time":"2023-09-04T17:55:35+00:00","og_image":[{"width":618,"height":629,"url":"https:\/\/bumasyperu.com\/wp-content\/uploads\/2023\/03\/f101-1-e1689625483693.webp","type":"image\/webp"}],"twitter_card":"summary_large_image","twitter_misc":{"Est. reading time":"1 minute"},"schema":{"@context":"https:\/\/schema.org","@graph":[{"@type":"WebPage","@id":"https:\/\/bumasyperu.com\/product\/vlt-hvac-basic-drive-fc-101-380v-480v\/","url":"https:\/\/bumasyperu.com\/product\/vlt-hvac-basic-drive-fc-101-380v-480v\/","name":"Variador Danfoss VLT\u00ae HVAC Basic Drive FC 101 (380v-480v)","isPartOf":{"@id":"https:\/\/bumasyperu.com\/#website"},"primaryImageOfPage":{"@id":"https:\/\/bumasyperu.com\/product\/vlt-hvac-basic-drive-fc-101-380v-480v\/#primaryimage"},"image":{"@id":"https:\/\/bumasyperu.com\/product\/vlt-hvac-basic-drive-fc-101-380v-480v\/#primaryimage"},"thumbnailUrl":"https:\/\/bumasyperu.com\/wp-content\/uploads\/2023\/03\/f101-1-e1689625483693.webp","datePublished":"2023-03-02T15:35:45+00:00","dateModified":"2023-09-04T17:55:35+00:00","description":"Variador robusto y compacto de la marca Danfoss para aplicaciones de ventilaci\u00f3n, bombeo, entre otros. Tensiones(VAC) : 200 - 240 y 380- 400. Consulte Hp.","breadcrumb":{"@id":"https:\/\/bumasyperu.com\/product\/vlt-hvac-basic-drive-fc-101-380v-480v\/#breadcrumb"},"inLanguage":"en-US","potentialAction":[{"@type":"ReadAction","target":["https:\/\/bumasyperu.com\/product\/vlt-hvac-basic-drive-fc-101-380v-480v\/"]}]},{"@type":"ImageObject","inLanguage":"en-US","@id":"https:\/\/bumasyperu.com\/product\/vlt-hvac-basic-drive-fc-101-380v-480v\/#primaryimage","url":"https:\/\/bumasyperu.com\/wp-content\/uploads\/2023\/03\/f101-1-e1689625483693.webp","contentUrl":"https:\/\/bumasyperu.com\/wp-content\/uploads\/2023\/03\/f101-1-e1689625483693.webp","width":618,"height":629,"caption":"Variador Danfoss FC101"},{"@type":"BreadcrumbList","@id":"https:\/\/bumasyperu.com\/product\/vlt-hvac-basic-drive-fc-101-380v-480v\/#breadcrumb","itemListElement":[{"@type":"ListItem","position":1,"name":"Home","item":"https:\/\/bumasyperu.com\/"},{"@type":"ListItem","position":2,"name":"Tienda","item":"https:\/\/bumasyperu.com\/tienda\/"},{"@type":"ListItem","position":3,"name":"VLT\u00ae HVAC Basic Drive FC 101 (380v-480v)"}]},{"@type":"WebSite","@id":"https:\/\/bumasyperu.com\/#website","url":"https:\/\/bumasyperu.com\/","name":"Bumasy Solutions","description":"","publisher":{"@id":"https:\/\/bumasyperu.com\/#organization"},"potentialAction":[{"@type":"SearchAction","target":{"@type":"EntryPoint","urlTemplate":"https:\/\/bumasyperu.com\/?s={search_term_string}"},"query-input":{"@type":"PropertyValueSpecification","valueRequired":true,"valueName":"search_term_string"}}],"inLanguage":"en-US"},{"@type":"Organization","@id":"https:\/\/bumasyperu.com\/#organization","name":"Bumasy Solutions","url":"https:\/\/bumasyperu.com\/","logo":{"@type":"ImageObject","inLanguage":"en-US","@id":"https:\/\/bumasyperu.com\/#\/schema\/logo\/image\/","url":"https:\/\/bumasyperu.com\/wp-content\/uploads\/2023\/08\/loguitobumasy.webp","contentUrl":"https:\/\/bumasyperu.com\/wp-content\/uploads\/2023\/08\/loguitobumasy.webp","width":250,"height":84,"caption":"Bumasy Solutions"},"image":{"@id":"https:\/\/bumasyperu.com\/#\/schema\/logo\/image\/"},"sameAs":["https:\/\/www.facebook.com\/people\/Bumasy-Peru\/100063554561785\/","https:\/\/www.instagram.com\/bumasysolutions\/","https:\/\/pe.linkedin.com\/company\/bumasyperu","https:\/\/www.youtube.com\/@bumasyperu6165"]}]}},"uagb_featured_image_src":{"full":["https:\/\/bumasyperu.com\/wp-content\/uploads\/2023\/03\/f101-1-e1689625483693.webp",618,629,false],"thumbnail":["https:\/\/bumasyperu.com\/wp-content\/uploads\/2023\/03\/f101-1-e1689625483693-150x150.webp",150,150,true],"medium":["https:\/\/bumasyperu.com\/wp-content\/uploads\/2023\/03\/f101-1-e1689625483693-295x300.webp",295,300,true],"medium_large":["https:\/\/bumasyperu.com\/wp-content\/uploads\/2023\/03\/f101-1-e1689625483693.webp",618,629,false],"large":["https:\/\/bumasyperu.com\/wp-content\/uploads\/2023\/03\/f101-1-e1689625483693.webp",618,629,false],"1536x1536":["https:\/\/bumasyperu.com\/wp-content\/uploads\/2023\/03\/f101-1-e1689625483693.webp",618,629,false],"2048x2048":["https:\/\/bumasyperu.com\/wp-content\/uploads\/2023\/03\/f101-1-e1689625483693.webp",618,629,false],"trp-custom-language-flag":["https:\/\/bumasyperu.com\/wp-content\/uploads\/2023\/03\/f101-1-e1689625483693.webp",12,12,false],"woocommerce_thumbnail":["https:\/\/bumasyperu.com\/wp-content\/uploads\/2023\/03\/f101-1-e1689625483693-300x300.webp",300,300,true],"woocommerce_single":["https:\/\/bumasyperu.com\/wp-content\/uploads\/2023\/03\/f101-1-e1689625483693-600x611.webp",600,611,true],"woocommerce_gallery_thumbnail":["https:\/\/bumasyperu.com\/wp-content\/uploads\/2023\/03\/f101-1-e1689625483693-100x100.webp",100,100,true],"sow-carousel-default":["https:\/\/bumasyperu.com\/wp-content\/uploads\/2023\/03\/f101-1-e1689625483693-272x182.webp",272,182,true]},"uagb_author_info":{"display_name":"admin","author_link":"https:\/\/bumasyperu.com\/en\/author\/"},"uagb_comment_info":0,"uagb_excerpt":"Este variador Danfoss es compacto y f\u00e1cil de instalar, se dise\u00f1o para ser utilizado en aplicaciones de ventilaci\u00f3n, calefacci\u00f3n y refrigeraci\u00f3n. Ofrece potencias de 0.37 a 90 KW para un voltaje de 380-480 VCA. Agr\u00e9galo a tu cotizaci\u00f3n, estamos aqu\u00ed para ayudarte.","_links":{"self":[{"href":"https:\/\/bumasyperu.com\/en\/wp-json\/wp\/v2\/product\/2255","targetHints":{"allow":["GET"]}}],"collection":[{"href":"https:\/\/bumasyperu.com\/en\/wp-json\/wp\/v2\/product"}],"about":[{"href":"https:\/\/bumasyperu.com\/en\/wp-json\/wp\/v2\/types\/product"}],"version-history":[{"count":4,"href":"https:\/\/bumasyperu.com\/en\/wp-json\/wp\/v2\/product\/2255\/revisions"}],"predecessor-version":[{"id":3144,"href":"https:\/\/bumasyperu.com\/en\/wp-json\/wp\/v2\/product\/2255\/revisions\/3144"}],"wp:featuredmedia":[{"embeddable":true,"href":"https:\/\/bumasyperu.com\/en\/wp-json\/wp\/v2\/media\/2423"}],"wp:attachment":[{"href":"https:\/\/bumasyperu.com\/en\/wp-json\/wp\/v2\/media?parent=2255"}],"wp:term":[{"taxonomy":"product_brand","embeddable":true,"href":"https:\/\/bumasyperu.com\/en\/wp-json\/wp\/v2\/product_brand?post=2255"},{"taxonomy":"product_cat","embeddable":true,"href":"https:\/\/bumasyperu.com\/en\/wp-json\/wp\/v2\/product_cat?post=2255"},{"taxonomy":"product_tag","embeddable":true,"href":"https:\/\/bumasyperu.com\/en\/wp-json\/wp\/v2\/product_tag?post=2255"}],"curies":[{"name":"wp","href":"https:\/\/api.w.org\/{rel}","templated":true}]}}