{"id":3366,"date":"2024-04-16T13:06:27","date_gmt":"2024-04-16T17:06:27","guid":{"rendered":"https:\/\/bumasyperu.com\/?post_type=product&#038;p=3366"},"modified":"2024-04-16T13:06:27","modified_gmt":"2024-04-16T17:06:27","slug":"actuador-icad-1200a","status":"publish","type":"product","link":"https:\/\/bumasyperu.com\/en\/product\/actuador-icad-1200a\/","title":{"rendered":"Actuator ICAD 1200A"},"content":{"rendered":"<p>The ICAD actuator is a motorized valve controller (ICM) and is designed for industrial refrigeration installations.<\/p>\n<p>ICAD actuators can be controlled using the following signals:<\/p>\n<ul>\n<li>0-20 mA<\/li>\n<li>4-20 mA ( default)<\/li>\n<li>0-10 V<\/li>\n<li>2-10 V<\/li>\n<li>One or two digital inputs<\/li>\n<\/ul>\n<p>Features:<\/p>\n<ul>\n<li>Advanced high-speed digital stepper motor technology.<\/li>\n<li>Seven-segment LCD display and three programming keys included.<\/li>\n<li>The opening degree of the valve can be observed continuously.<\/li>\n<li>It can be easily configured for different applications on site (speed change, on\/off, fail safe operation, modulating valve, etc.).<\/li>\n<li>Opening - closing time: 3-45 seconds depending on valve size.<\/li>\n<li>Modulating operation, on\/off or neutral\/three-point zone control.<\/li>\n<li>Selecci\u00f3n de velocidad m\u00faltiple durante la operaci\u00f3n.<\/li>\n<li>Registro de alarmas antiguas.<\/li>\n<li>Protecci\u00f3n por contrase\u00f1a.<\/li>\n<li>Se\u00f1al de entrada de control: 4 &#8211; 20 mA, 0 &#8211; 20 mA, 0 &#8211; 10 V, 2 &#8211; 10 V. Uno o dos entradas digitales.<\/li>\n<li>Retroalimentaci\u00f3n de posici\u00f3n: 0 &#8211; 20 mA, 4 &#8211; 20 mA (ICM).<\/li>\n<li>Retroalimentaci\u00f3n digital ON \/ OFF de 3 puntos.<\/li>\n<li>Resoluci\u00f3n: 20 micrones\/paso (0.02 mm de carrera por paso).<\/li>\n<li>Pasos totales: 250 &#8211; 3650 dependiendo del tama\u00f1o.<\/li>\n<li>Auto calibraci\u00f3n, zona neutral.<\/li>\n<li>En caso de fallo de energ\u00eda, m\u00faltiples opciones de seguridad son posibles. Durante el fallo de energ\u00eda, se puede seleccionar que el ICM:\n<ul>\n<li>Cierre ICM,<\/li>\n<li>Abra ICM,<\/li>\n<li>Permanezca en la misma posici\u00f3n que cuando ocurre el fallo de energ\u00eda,<\/li>\n<li>Vaya a un grado espec\u00edfico de apertura de v\u00e1lvula de ICM.<\/li>\n<\/ul>\n<\/li>\n<li>Motor magn\u00e9tico herm\u00e9tico.<\/li>\n<li>Carcasa: IP67 ~ NEMA 6.<\/li>\n<li>Aprobaciones: CE, UL, CRN.<\/li>\n<li>Conectores para una instalaci\u00f3n y servicio f\u00e1cil.<\/li>\n<li>ICAD 600A\/1200A asegura una retroalimentaci\u00f3n precisa sobre la posici\u00f3n de la v\u00e1lvula.<\/li>\n<\/ul>\n<p>&nbsp;<\/p>\n<p>Se puede utilizar el ICAD 1200A con el ICAD 600A juntos con las siguientes v\u00e1lvulas Danfoss:<\/p>\n<table style=\"height: 207px;\" width=\"213\">\n<tbody>\n<tr>\n<td><strong>ICAD 600A<\/strong><\/td>\n<td><strong>ICAD 1200A<\/strong><\/td>\n<\/tr>\n<tr>\n<td>ICM 20<\/td>\n<td>ICM 40<\/td>\n<\/tr>\n<tr>\n<td>ICM 25<\/td>\n<td>ICM 50<\/td>\n<\/tr>\n<tr>\n<td>ICM 32<\/td>\n<td>ICM 65<\/td>\n<\/tr>\n<tr>\n<td><\/td>\n<td>ICM 100<\/td>\n<\/tr>\n<tr>\n<td><\/td>\n<td>ICM 125<\/td>\n<\/tr>\n<tr>\n<td><\/td>\n<td>ICM 150<\/td>\n<\/tr>\n<\/tbody>\n<\/table>\n<p>&nbsp;<\/p>","protected":false},"excerpt":{"rendered":"<p>The ICAD actuator is a motorized valve controller (ICM) and is designed for industrial refrigeration installations.<\/p>\n<p><span class=\"Y2IQFc\" lang=\"es\">The time required to transit from the \u201cClosed\u201d to \u201cOpen\u201d position, or vice versa, at the maximum speed defined in the ICAD:<\/span><\/p>\n<p class=\"tw-data-text tw-text-large tw-ta\" dir=\"ltr\" data-placeholder=\"Traducci\u00f3n\" aria-label=\"Texto traducido\" data-ved=\"2ahUKEwiRpMntiMeFAxXUGbkGHdkYC3cQ3ewLegQIBRAU\"><span class=\"Y2IQFc\" lang=\"es\">ICM 20: 3 seg. ; <\/span><span class=\"Y2IQFc\" lang=\"es\">ICM 65: 13 seg. ;\u00a0 ICM 25: 7 seg.\u00a0 ; ICM 100: 25 seg. ; ICM 32: 8 seg. ; ICM 125: 35 seg. ; ICM 40: 10 seg. ; ICM 150: 45 seg.;\u00a0 ICM 50: 13 seg.<\/span><\/p>","protected":false},"featured_media":3374,"template":"","meta":{"_uag_custom_page_level_css":""},"product_brand":[],"product_cat":[31],"product_tag":[],"class_list":{"0":"post-3366","1":"product","2":"type-product","3":"status-publish","4":"has-post-thumbnail","6":"product_cat-uncategorized","8":"first","9":"instock","10":"taxable","11":"shipping-taxable","12":"product-type-simple"},"yoast_head":"<!-- This site is optimized with the Yoast SEO plugin v27.4 - https:\/\/yoast.com\/product\/yoast-seo-wordpress\/ -->\n<title>Actuador ICAD 1200 A - para v\u00e1lvulas tipo ICM.<\/title>\n<meta name=\"description\" content=\"Te cotizamos el actuador ICAD 1200A para valvulas motorizadas ( ICM). Est\u00e1 dise\u00f1ado para instalaciones de refrigeraci\u00f3n industrial.\" \/>\n<meta name=\"robots\" content=\"index, follow, max-snippet:-1, max-image-preview:large, max-video-preview:-1\" \/>\n<link rel=\"canonical\" href=\"https:\/\/bumasyperu.com\/en\/product\/actuador-icad-1200a\/\" \/>\n<meta property=\"og:locale\" content=\"en_US\" \/>\n<meta property=\"og:type\" content=\"article\" \/>\n<meta property=\"og:title\" content=\"Actuador ICAD 1200 A - para v\u00e1lvulas tipo ICM.\" \/>\n<meta property=\"og:description\" content=\"Te cotizamos el actuador ICAD 1200A para valvulas motorizadas ( ICM). Est\u00e1 dise\u00f1ado para instalaciones de refrigeraci\u00f3n industrial.\" \/>\n<meta property=\"og:url\" content=\"https:\/\/bumasyperu.com\/en\/product\/actuador-icad-1200a\/\" \/>\n<meta property=\"article:publisher\" content=\"https:\/\/www.facebook.com\/people\/Bumasy-Peru\/100063554561785\/\" \/>\n<meta property=\"og:image\" content=\"https:\/\/bumasyperu.com\/wp-content\/uploads\/2024\/04\/ICAD-1200-A.webp\" \/>\n\t<meta property=\"og:image:width\" content=\"300\" \/>\n\t<meta property=\"og:image:height\" content=\"300\" \/>\n\t<meta property=\"og:image:type\" content=\"image\/webp\" \/>\n<meta name=\"twitter:card\" content=\"summary_large_image\" \/>\n<meta name=\"twitter:label1\" content=\"Est. reading time\" \/>\n\t<meta name=\"twitter:data1\" content=\"2 minutes\" \/>\n<script type=\"application\/ld+json\" class=\"yoast-schema-graph\">{\"@context\":\"https:\\\/\\\/schema.org\",\"@graph\":[{\"@type\":\"WebPage\",\"@id\":\"https:\\\/\\\/bumasyperu.com\\\/product\\\/actuador-icad-1200a\\\/\",\"url\":\"https:\\\/\\\/bumasyperu.com\\\/product\\\/actuador-icad-1200a\\\/\",\"name\":\"Actuador ICAD 1200 A - para v\u00e1lvulas tipo ICM.\",\"isPartOf\":{\"@id\":\"https:\\\/\\\/bumasyperu.com\\\/#website\"},\"primaryImageOfPage\":{\"@id\":\"https:\\\/\\\/bumasyperu.com\\\/product\\\/actuador-icad-1200a\\\/#primaryimage\"},\"image\":{\"@id\":\"https:\\\/\\\/bumasyperu.com\\\/product\\\/actuador-icad-1200a\\\/#primaryimage\"},\"thumbnailUrl\":\"https:\\\/\\\/bumasyperu.com\\\/wp-content\\\/uploads\\\/2024\\\/04\\\/ICAD-1200-A.webp\",\"datePublished\":\"2024-04-16T17:06:27+00:00\",\"description\":\"Te cotizamos el actuador ICAD 1200A para valvulas motorizadas ( ICM). Est\u00e1 dise\u00f1ado para instalaciones de refrigeraci\u00f3n industrial.\",\"breadcrumb\":{\"@id\":\"https:\\\/\\\/bumasyperu.com\\\/product\\\/actuador-icad-1200a\\\/#breadcrumb\"},\"inLanguage\":\"en-US\",\"potentialAction\":[{\"@type\":\"ReadAction\",\"target\":[\"https:\\\/\\\/bumasyperu.com\\\/product\\\/actuador-icad-1200a\\\/\"]}]},{\"@type\":\"ImageObject\",\"inLanguage\":\"en-US\",\"@id\":\"https:\\\/\\\/bumasyperu.com\\\/product\\\/actuador-icad-1200a\\\/#primaryimage\",\"url\":\"https:\\\/\\\/bumasyperu.com\\\/wp-content\\\/uploads\\\/2024\\\/04\\\/ICAD-1200-A.webp\",\"contentUrl\":\"https:\\\/\\\/bumasyperu.com\\\/wp-content\\\/uploads\\\/2024\\\/04\\\/ICAD-1200-A.webp\",\"width\":300,\"height\":300},{\"@type\":\"BreadcrumbList\",\"@id\":\"https:\\\/\\\/bumasyperu.com\\\/product\\\/actuador-icad-1200a\\\/#breadcrumb\",\"itemListElement\":[{\"@type\":\"ListItem\",\"position\":1,\"name\":\"Home\",\"item\":\"https:\\\/\\\/bumasyperu.com\\\/\"},{\"@type\":\"ListItem\",\"position\":2,\"name\":\"Tienda\",\"item\":\"https:\\\/\\\/bumasyperu.com\\\/tienda\\\/\"},{\"@type\":\"ListItem\",\"position\":3,\"name\":\"Actuador ICAD 1200A\"}]},{\"@type\":\"WebSite\",\"@id\":\"https:\\\/\\\/bumasyperu.com\\\/#website\",\"url\":\"https:\\\/\\\/bumasyperu.com\\\/\",\"name\":\"Bumasy Solutions\",\"description\":\"\",\"publisher\":{\"@id\":\"https:\\\/\\\/bumasyperu.com\\\/#organization\"},\"potentialAction\":[{\"@type\":\"SearchAction\",\"target\":{\"@type\":\"EntryPoint\",\"urlTemplate\":\"https:\\\/\\\/bumasyperu.com\\\/?s={search_term_string}\"},\"query-input\":{\"@type\":\"PropertyValueSpecification\",\"valueRequired\":true,\"valueName\":\"search_term_string\"}}],\"inLanguage\":\"en-US\"},{\"@type\":\"Organization\",\"@id\":\"https:\\\/\\\/bumasyperu.com\\\/#organization\",\"name\":\"Bumasy Solutions\",\"url\":\"https:\\\/\\\/bumasyperu.com\\\/\",\"logo\":{\"@type\":\"ImageObject\",\"inLanguage\":\"en-US\",\"@id\":\"https:\\\/\\\/bumasyperu.com\\\/#\\\/schema\\\/logo\\\/image\\\/\",\"url\":\"https:\\\/\\\/bumasyperu.com\\\/wp-content\\\/uploads\\\/2023\\\/08\\\/loguitobumasy.webp\",\"contentUrl\":\"https:\\\/\\\/bumasyperu.com\\\/wp-content\\\/uploads\\\/2023\\\/08\\\/loguitobumasy.webp\",\"width\":250,\"height\":84,\"caption\":\"Bumasy Solutions\"},\"image\":{\"@id\":\"https:\\\/\\\/bumasyperu.com\\\/#\\\/schema\\\/logo\\\/image\\\/\"},\"sameAs\":[\"https:\\\/\\\/www.facebook.com\\\/people\\\/Bumasy-Peru\\\/100063554561785\\\/\",\"https:\\\/\\\/www.instagram.com\\\/bumasysolutions\\\/\",\"https:\\\/\\\/pe.linkedin.com\\\/company\\\/bumasyperu\",\"https:\\\/\\\/www.youtube.com\\\/@bumasyperu6165\"]}]}<\/script>\n<!-- \/ Yoast SEO plugin. -->","yoast_head_json":{"title":"Actuador ICAD 1200 A - para v\u00e1lvulas tipo ICM.","description":"Te cotizamos el actuador ICAD 1200A para valvulas motorizadas ( ICM). Est\u00e1 dise\u00f1ado para instalaciones de refrigeraci\u00f3n industrial.","robots":{"index":"index","follow":"follow","max-snippet":"max-snippet:-1","max-image-preview":"max-image-preview:large","max-video-preview":"max-video-preview:-1"},"canonical":"https:\/\/bumasyperu.com\/en\/product\/actuador-icad-1200a\/","og_locale":"en_US","og_type":"article","og_title":"Actuador ICAD 1200 A - para v\u00e1lvulas tipo ICM.","og_description":"Te cotizamos el actuador ICAD 1200A para valvulas motorizadas ( ICM). Est\u00e1 dise\u00f1ado para instalaciones de refrigeraci\u00f3n industrial.","og_url":"https:\/\/bumasyperu.com\/en\/product\/actuador-icad-1200a\/","article_publisher":"https:\/\/www.facebook.com\/people\/Bumasy-Peru\/100063554561785\/","og_image":[{"width":300,"height":300,"url":"https:\/\/bumasyperu.com\/wp-content\/uploads\/2024\/04\/ICAD-1200-A.webp","type":"image\/webp"}],"twitter_card":"summary_large_image","twitter_misc":{"Est. reading time":"2 minutes"},"schema":{"@context":"https:\/\/schema.org","@graph":[{"@type":"WebPage","@id":"https:\/\/bumasyperu.com\/product\/actuador-icad-1200a\/","url":"https:\/\/bumasyperu.com\/product\/actuador-icad-1200a\/","name":"Actuador ICAD 1200 A - para v\u00e1lvulas tipo ICM.","isPartOf":{"@id":"https:\/\/bumasyperu.com\/#website"},"primaryImageOfPage":{"@id":"https:\/\/bumasyperu.com\/product\/actuador-icad-1200a\/#primaryimage"},"image":{"@id":"https:\/\/bumasyperu.com\/product\/actuador-icad-1200a\/#primaryimage"},"thumbnailUrl":"https:\/\/bumasyperu.com\/wp-content\/uploads\/2024\/04\/ICAD-1200-A.webp","datePublished":"2024-04-16T17:06:27+00:00","description":"Te cotizamos el actuador ICAD 1200A para valvulas motorizadas ( ICM). Est\u00e1 dise\u00f1ado para instalaciones de refrigeraci\u00f3n industrial.","breadcrumb":{"@id":"https:\/\/bumasyperu.com\/product\/actuador-icad-1200a\/#breadcrumb"},"inLanguage":"en-US","potentialAction":[{"@type":"ReadAction","target":["https:\/\/bumasyperu.com\/product\/actuador-icad-1200a\/"]}]},{"@type":"ImageObject","inLanguage":"en-US","@id":"https:\/\/bumasyperu.com\/product\/actuador-icad-1200a\/#primaryimage","url":"https:\/\/bumasyperu.com\/wp-content\/uploads\/2024\/04\/ICAD-1200-A.webp","contentUrl":"https:\/\/bumasyperu.com\/wp-content\/uploads\/2024\/04\/ICAD-1200-A.webp","width":300,"height":300},{"@type":"BreadcrumbList","@id":"https:\/\/bumasyperu.com\/product\/actuador-icad-1200a\/#breadcrumb","itemListElement":[{"@type":"ListItem","position":1,"name":"Home","item":"https:\/\/bumasyperu.com\/"},{"@type":"ListItem","position":2,"name":"Tienda","item":"https:\/\/bumasyperu.com\/tienda\/"},{"@type":"ListItem","position":3,"name":"Actuador ICAD 1200A"}]},{"@type":"WebSite","@id":"https:\/\/bumasyperu.com\/#website","url":"https:\/\/bumasyperu.com\/","name":"Bumasy Solutions","description":"","publisher":{"@id":"https:\/\/bumasyperu.com\/#organization"},"potentialAction":[{"@type":"SearchAction","target":{"@type":"EntryPoint","urlTemplate":"https:\/\/bumasyperu.com\/?s={search_term_string}"},"query-input":{"@type":"PropertyValueSpecification","valueRequired":true,"valueName":"search_term_string"}}],"inLanguage":"en-US"},{"@type":"Organization","@id":"https:\/\/bumasyperu.com\/#organization","name":"Bumasy Solutions","url":"https:\/\/bumasyperu.com\/","logo":{"@type":"ImageObject","inLanguage":"en-US","@id":"https:\/\/bumasyperu.com\/#\/schema\/logo\/image\/","url":"https:\/\/bumasyperu.com\/wp-content\/uploads\/2023\/08\/loguitobumasy.webp","contentUrl":"https:\/\/bumasyperu.com\/wp-content\/uploads\/2023\/08\/loguitobumasy.webp","width":250,"height":84,"caption":"Bumasy Solutions"},"image":{"@id":"https:\/\/bumasyperu.com\/#\/schema\/logo\/image\/"},"sameAs":["https:\/\/www.facebook.com\/people\/Bumasy-Peru\/100063554561785\/","https:\/\/www.instagram.com\/bumasysolutions\/","https:\/\/pe.linkedin.com\/company\/bumasyperu","https:\/\/www.youtube.com\/@bumasyperu6165"]}]}},"uagb_featured_image_src":{"full":["https:\/\/bumasyperu.com\/wp-content\/uploads\/2024\/04\/ICAD-1200-A.webp",300,300,false],"thumbnail":["https:\/\/bumasyperu.com\/wp-content\/uploads\/2024\/04\/ICAD-1200-A-150x150.webp",150,150,true],"medium":["https:\/\/bumasyperu.com\/wp-content\/uploads\/2024\/04\/ICAD-1200-A.webp",300,300,false],"medium_large":["https:\/\/bumasyperu.com\/wp-content\/uploads\/2024\/04\/ICAD-1200-A.webp",300,300,false],"large":["https:\/\/bumasyperu.com\/wp-content\/uploads\/2024\/04\/ICAD-1200-A.webp",300,300,false],"1536x1536":["https:\/\/bumasyperu.com\/wp-content\/uploads\/2024\/04\/ICAD-1200-A.webp",300,300,false],"2048x2048":["https:\/\/bumasyperu.com\/wp-content\/uploads\/2024\/04\/ICAD-1200-A.webp",300,300,false],"trp-custom-language-flag":["https:\/\/bumasyperu.com\/wp-content\/uploads\/2024\/04\/ICAD-1200-A.webp",12,12,false],"woocommerce_thumbnail":["https:\/\/bumasyperu.com\/wp-content\/uploads\/2024\/04\/ICAD-1200-A.webp",300,300,false],"woocommerce_single":["https:\/\/bumasyperu.com\/wp-content\/uploads\/2024\/04\/ICAD-1200-A.webp",300,300,false],"woocommerce_gallery_thumbnail":["https:\/\/bumasyperu.com\/wp-content\/uploads\/2024\/04\/ICAD-1200-A-100x100.webp",100,100,true],"sow-carousel-default":["https:\/\/bumasyperu.com\/wp-content\/uploads\/2024\/04\/ICAD-1200-A-272x182.webp",272,182,true]},"uagb_author_info":{"display_name":"admin","author_link":"https:\/\/bumasyperu.com\/en\/author\/"},"uagb_comment_info":0,"uagb_excerpt":"El actuador tipo ICAD es un regulador para valvulas motorizadas ( ICM) y est\u00e1 dise\u00f1ado para instalaciones de refrigeraci\u00f3n industrial. El tiempo requerido para transitar de la posici\u00f3n \"Cerrado\" a \"Abierto\", o viceversa, con la velocidad m\u00e1xima definida en el ICAD: ICM 20: 3 seg. ; ICM 65: 13 seg. ;\u00a0 ICM 25: 7 seg.\u00a0&hellip;","_links":{"self":[{"href":"https:\/\/bumasyperu.com\/en\/wp-json\/wp\/v2\/product\/3366","targetHints":{"allow":["GET"]}}],"collection":[{"href":"https:\/\/bumasyperu.com\/en\/wp-json\/wp\/v2\/product"}],"about":[{"href":"https:\/\/bumasyperu.com\/en\/wp-json\/wp\/v2\/types\/product"}],"version-history":[{"count":2,"href":"https:\/\/bumasyperu.com\/en\/wp-json\/wp\/v2\/product\/3366\/revisions"}],"predecessor-version":[{"id":3376,"href":"https:\/\/bumasyperu.com\/en\/wp-json\/wp\/v2\/product\/3366\/revisions\/3376"}],"wp:featuredmedia":[{"embeddable":true,"href":"https:\/\/bumasyperu.com\/en\/wp-json\/wp\/v2\/media\/3374"}],"wp:attachment":[{"href":"https:\/\/bumasyperu.com\/en\/wp-json\/wp\/v2\/media?parent=3366"}],"wp:term":[{"taxonomy":"product_brand","embeddable":true,"href":"https:\/\/bumasyperu.com\/en\/wp-json\/wp\/v2\/product_brand?post=3366"},{"taxonomy":"product_cat","embeddable":true,"href":"https:\/\/bumasyperu.com\/en\/wp-json\/wp\/v2\/product_cat?post=3366"},{"taxonomy":"product_tag","embeddable":true,"href":"https:\/\/bumasyperu.com\/en\/wp-json\/wp\/v2\/product_tag?post=3366"}],"curies":[{"name":"wp","href":"https:\/\/api.w.org\/{rel}","templated":true}]}}