{"id":3381,"date":"2024-04-16T15:14:37","date_gmt":"2024-04-16T19:14:37","guid":{"rendered":"https:\/\/bumasyperu.com\/?post_type=product&#038;p=3381"},"modified":"2024-04-16T15:14:37","modified_gmt":"2024-04-16T19:14:37","slug":"bobina-para-solenoide-24-vac","status":"publish","type":"product","link":"https:\/\/bumasyperu.com\/en\/product\/bobina-para-solenoide-24-vac\/","title":{"rendered":"Bobina para solenoide  24 vac"},"content":{"rendered":"<p>Las bobinas est\u00e1n especialmente dise\u00f1adas para funcionar en el entorno agresivo de alta humedad y fluctuaciones de temperatura que se encuentran en la mayor\u00eda de los sistemas de refrigeraci\u00f3n. El sistema de sujeci\u00f3n Clip-on garantiza una instalaci\u00f3n impecable y facilita el montaje y desmontaje de las bobinas. Una bobina Clip-on de Danfoss se puede montar sin necesidad de herramientas, y es sencillo desmontar la bobina mediante un destornillador. Las bobinas Clip-on est\u00e1n disponibles para toda la gama de v\u00e1lvulas solenoides Danfoss para refrigeraci\u00f3n, congelaci\u00f3n y aire acondicionado.<\/p>\n<p>Caracter\u00edsticas:<br \/>\n\u2022 Bobinas encapsuladas con larga vida \u00fatil, incluso en condiciones extremas.<br \/>\n\u2022 Bobinas est\u00e1ndar para corriente alterna o continua.<br \/>\n\u2022 Bobinas est\u00e1ndar disponibles con cable de 3 n\u00facleos, caja de bornes o enchufes DIN.<br \/>\n\u2022 Bobinas est\u00e1ndar de 12 V a 420 V, 50, 60 o 50\/60 Hz.<br \/>\n\u2022 Bobinas est\u00e1ndar dimensionadas para una presi\u00f3n diferencial de apertura m\u00e1xima (MOPD) de hasta 38 bar.<br \/>\n\u2022 Las bobinas se pueden instalar sin necesidad de herramientas.<\/p>","protected":false},"excerpt":{"rendered":"<p>Bobina 24 VAC \/\/ 60 Hz \/\/ 14 W\u00a0 para valvulas tipo EVRC y EVRA con una temperatura de ambiente &#8211; 40 a 80 \u00b0C<\/p>","protected":false},"featured_media":3382,"template":"","meta":{"_uag_custom_page_level_css":""},"product_brand":[],"product_cat":[31],"product_tag":[],"class_list":{"0":"post-3381","1":"product","2":"type-product","3":"status-publish","4":"has-post-thumbnail","6":"product_cat-uncategorized","8":"first","9":"instock","10":"taxable","11":"shipping-taxable","12":"product-type-simple"},"yoast_head":"<!-- This site is optimized with the Yoast SEO plugin v27.4 - https:\/\/yoast.com\/product\/yoast-seo-wordpress\/ -->\n<title>Bobina para solenoide 24 vac \/\/ Danfoss<\/title>\n<meta name=\"description\" content=\"Bobinas 24 VAC \/ 60 Hz \/ 14 W robustas dise\u00f1adas para trabajar en instalaciones de refrigeraci\u00f3n con temperatura ambiente entre -40 a 80 \u00b0 C.\" \/>\n<meta name=\"robots\" content=\"index, follow, max-snippet:-1, max-image-preview:large, max-video-preview:-1\" \/>\n<link rel=\"canonical\" href=\"https:\/\/bumasyperu.com\/en\/product\/bobina-para-solenoide-24-vac\/\" \/>\n<meta property=\"og:locale\" content=\"en_US\" \/>\n<meta property=\"og:type\" content=\"article\" \/>\n<meta property=\"og:title\" content=\"Bobina para solenoide 24 vac \/\/ Danfoss\" \/>\n<meta property=\"og:description\" content=\"Bobinas 24 VAC \/ 60 Hz \/ 14 W robustas dise\u00f1adas para trabajar en instalaciones de refrigeraci\u00f3n con temperatura ambiente entre -40 a 80 \u00b0 C.\" \/>\n<meta property=\"og:url\" content=\"https:\/\/bumasyperu.com\/en\/product\/bobina-para-solenoide-24-vac\/\" \/>\n<meta property=\"article:publisher\" content=\"https:\/\/www.facebook.com\/people\/Bumasy-Peru\/100063554561785\/\" \/>\n<meta property=\"og:image\" content=\"https:\/\/bumasyperu.com\/wp-content\/uploads\/2024\/04\/bobina-BE024BS.webp\" \/>\n\t<meta property=\"og:image:width\" content=\"2000\" \/>\n\t<meta property=\"og:image:height\" content=\"1990\" \/>\n\t<meta property=\"og:image:type\" content=\"image\/webp\" \/>\n<meta name=\"twitter:card\" content=\"summary_large_image\" \/>\n<meta name=\"twitter:label1\" content=\"Est. reading time\" \/>\n\t<meta name=\"twitter:data1\" content=\"1 minute\" \/>\n<script type=\"application\/ld+json\" class=\"yoast-schema-graph\">{\"@context\":\"https:\\\/\\\/schema.org\",\"@graph\":[{\"@type\":\"WebPage\",\"@id\":\"https:\\\/\\\/bumasyperu.com\\\/product\\\/bobina-para-solenoide-24-vac\\\/\",\"url\":\"https:\\\/\\\/bumasyperu.com\\\/product\\\/bobina-para-solenoide-24-vac\\\/\",\"name\":\"Bobina para solenoide 24 vac \\\/\\\/ Danfoss\",\"isPartOf\":{\"@id\":\"https:\\\/\\\/bumasyperu.com\\\/#website\"},\"primaryImageOfPage\":{\"@id\":\"https:\\\/\\\/bumasyperu.com\\\/product\\\/bobina-para-solenoide-24-vac\\\/#primaryimage\"},\"image\":{\"@id\":\"https:\\\/\\\/bumasyperu.com\\\/product\\\/bobina-para-solenoide-24-vac\\\/#primaryimage\"},\"thumbnailUrl\":\"https:\\\/\\\/bumasyperu.com\\\/wp-content\\\/uploads\\\/2024\\\/04\\\/bobina-BE024BS.webp\",\"datePublished\":\"2024-04-16T19:14:37+00:00\",\"description\":\"Bobinas 24 VAC \\\/ 60 Hz \\\/ 14 W robustas dise\u00f1adas para trabajar en instalaciones de refrigeraci\u00f3n con temperatura ambiente entre -40 a 80 \u00b0 C.\",\"breadcrumb\":{\"@id\":\"https:\\\/\\\/bumasyperu.com\\\/product\\\/bobina-para-solenoide-24-vac\\\/#breadcrumb\"},\"inLanguage\":\"en-US\",\"potentialAction\":[{\"@type\":\"ReadAction\",\"target\":[\"https:\\\/\\\/bumasyperu.com\\\/product\\\/bobina-para-solenoide-24-vac\\\/\"]}]},{\"@type\":\"ImageObject\",\"inLanguage\":\"en-US\",\"@id\":\"https:\\\/\\\/bumasyperu.com\\\/product\\\/bobina-para-solenoide-24-vac\\\/#primaryimage\",\"url\":\"https:\\\/\\\/bumasyperu.com\\\/wp-content\\\/uploads\\\/2024\\\/04\\\/bobina-BE024BS.webp\",\"contentUrl\":\"https:\\\/\\\/bumasyperu.com\\\/wp-content\\\/uploads\\\/2024\\\/04\\\/bobina-BE024BS.webp\",\"width\":2000,\"height\":1990},{\"@type\":\"BreadcrumbList\",\"@id\":\"https:\\\/\\\/bumasyperu.com\\\/product\\\/bobina-para-solenoide-24-vac\\\/#breadcrumb\",\"itemListElement\":[{\"@type\":\"ListItem\",\"position\":1,\"name\":\"Home\",\"item\":\"https:\\\/\\\/bumasyperu.com\\\/\"},{\"@type\":\"ListItem\",\"position\":2,\"name\":\"Tienda\",\"item\":\"https:\\\/\\\/bumasyperu.com\\\/tienda\\\/\"},{\"@type\":\"ListItem\",\"position\":3,\"name\":\"Bobina para solenoide 24 vac\"}]},{\"@type\":\"WebSite\",\"@id\":\"https:\\\/\\\/bumasyperu.com\\\/#website\",\"url\":\"https:\\\/\\\/bumasyperu.com\\\/\",\"name\":\"Bumasy Solutions\",\"description\":\"\",\"publisher\":{\"@id\":\"https:\\\/\\\/bumasyperu.com\\\/#organization\"},\"potentialAction\":[{\"@type\":\"SearchAction\",\"target\":{\"@type\":\"EntryPoint\",\"urlTemplate\":\"https:\\\/\\\/bumasyperu.com\\\/?s={search_term_string}\"},\"query-input\":{\"@type\":\"PropertyValueSpecification\",\"valueRequired\":true,\"valueName\":\"search_term_string\"}}],\"inLanguage\":\"en-US\"},{\"@type\":\"Organization\",\"@id\":\"https:\\\/\\\/bumasyperu.com\\\/#organization\",\"name\":\"Bumasy Solutions\",\"url\":\"https:\\\/\\\/bumasyperu.com\\\/\",\"logo\":{\"@type\":\"ImageObject\",\"inLanguage\":\"en-US\",\"@id\":\"https:\\\/\\\/bumasyperu.com\\\/#\\\/schema\\\/logo\\\/image\\\/\",\"url\":\"https:\\\/\\\/bumasyperu.com\\\/wp-content\\\/uploads\\\/2023\\\/08\\\/loguitobumasy.webp\",\"contentUrl\":\"https:\\\/\\\/bumasyperu.com\\\/wp-content\\\/uploads\\\/2023\\\/08\\\/loguitobumasy.webp\",\"width\":250,\"height\":84,\"caption\":\"Bumasy Solutions\"},\"image\":{\"@id\":\"https:\\\/\\\/bumasyperu.com\\\/#\\\/schema\\\/logo\\\/image\\\/\"},\"sameAs\":[\"https:\\\/\\\/www.facebook.com\\\/people\\\/Bumasy-Peru\\\/100063554561785\\\/\",\"https:\\\/\\\/www.instagram.com\\\/bumasysolutions\\\/\",\"https:\\\/\\\/pe.linkedin.com\\\/company\\\/bumasyperu\",\"https:\\\/\\\/www.youtube.com\\\/@bumasyperu6165\"]}]}<\/script>\n<!-- \/ Yoast SEO plugin. -->","yoast_head_json":{"title":"Bobina para solenoide 24 vac \/\/ Danfoss","description":"Bobinas 24 VAC \/ 60 Hz \/ 14 W robustas dise\u00f1adas para trabajar en instalaciones de refrigeraci\u00f3n con temperatura ambiente entre -40 a 80 \u00b0 C.","robots":{"index":"index","follow":"follow","max-snippet":"max-snippet:-1","max-image-preview":"max-image-preview:large","max-video-preview":"max-video-preview:-1"},"canonical":"https:\/\/bumasyperu.com\/en\/product\/bobina-para-solenoide-24-vac\/","og_locale":"en_US","og_type":"article","og_title":"Bobina para solenoide 24 vac \/\/ Danfoss","og_description":"Bobinas 24 VAC \/ 60 Hz \/ 14 W robustas dise\u00f1adas para trabajar en instalaciones de refrigeraci\u00f3n con temperatura ambiente entre -40 a 80 \u00b0 C.","og_url":"https:\/\/bumasyperu.com\/en\/product\/bobina-para-solenoide-24-vac\/","article_publisher":"https:\/\/www.facebook.com\/people\/Bumasy-Peru\/100063554561785\/","og_image":[{"width":2000,"height":1990,"url":"https:\/\/bumasyperu.com\/wp-content\/uploads\/2024\/04\/bobina-BE024BS.webp","type":"image\/webp"}],"twitter_card":"summary_large_image","twitter_misc":{"Est. reading time":"1 minute"},"schema":{"@context":"https:\/\/schema.org","@graph":[{"@type":"WebPage","@id":"https:\/\/bumasyperu.com\/product\/bobina-para-solenoide-24-vac\/","url":"https:\/\/bumasyperu.com\/product\/bobina-para-solenoide-24-vac\/","name":"Bobina para solenoide 24 vac \/\/ Danfoss","isPartOf":{"@id":"https:\/\/bumasyperu.com\/#website"},"primaryImageOfPage":{"@id":"https:\/\/bumasyperu.com\/product\/bobina-para-solenoide-24-vac\/#primaryimage"},"image":{"@id":"https:\/\/bumasyperu.com\/product\/bobina-para-solenoide-24-vac\/#primaryimage"},"thumbnailUrl":"https:\/\/bumasyperu.com\/wp-content\/uploads\/2024\/04\/bobina-BE024BS.webp","datePublished":"2024-04-16T19:14:37+00:00","description":"Bobinas 24 VAC \/ 60 Hz \/ 14 W robustas dise\u00f1adas para trabajar en instalaciones de refrigeraci\u00f3n con temperatura ambiente entre -40 a 80 \u00b0 C.","breadcrumb":{"@id":"https:\/\/bumasyperu.com\/product\/bobina-para-solenoide-24-vac\/#breadcrumb"},"inLanguage":"en-US","potentialAction":[{"@type":"ReadAction","target":["https:\/\/bumasyperu.com\/product\/bobina-para-solenoide-24-vac\/"]}]},{"@type":"ImageObject","inLanguage":"en-US","@id":"https:\/\/bumasyperu.com\/product\/bobina-para-solenoide-24-vac\/#primaryimage","url":"https:\/\/bumasyperu.com\/wp-content\/uploads\/2024\/04\/bobina-BE024BS.webp","contentUrl":"https:\/\/bumasyperu.com\/wp-content\/uploads\/2024\/04\/bobina-BE024BS.webp","width":2000,"height":1990},{"@type":"BreadcrumbList","@id":"https:\/\/bumasyperu.com\/product\/bobina-para-solenoide-24-vac\/#breadcrumb","itemListElement":[{"@type":"ListItem","position":1,"name":"Home","item":"https:\/\/bumasyperu.com\/"},{"@type":"ListItem","position":2,"name":"Tienda","item":"https:\/\/bumasyperu.com\/tienda\/"},{"@type":"ListItem","position":3,"name":"Bobina para solenoide 24 vac"}]},{"@type":"WebSite","@id":"https:\/\/bumasyperu.com\/#website","url":"https:\/\/bumasyperu.com\/","name":"Bumasy Solutions","description":"","publisher":{"@id":"https:\/\/bumasyperu.com\/#organization"},"potentialAction":[{"@type":"SearchAction","target":{"@type":"EntryPoint","urlTemplate":"https:\/\/bumasyperu.com\/?s={search_term_string}"},"query-input":{"@type":"PropertyValueSpecification","valueRequired":true,"valueName":"search_term_string"}}],"inLanguage":"en-US"},{"@type":"Organization","@id":"https:\/\/bumasyperu.com\/#organization","name":"Bumasy Solutions","url":"https:\/\/bumasyperu.com\/","logo":{"@type":"ImageObject","inLanguage":"en-US","@id":"https:\/\/bumasyperu.com\/#\/schema\/logo\/image\/","url":"https:\/\/bumasyperu.com\/wp-content\/uploads\/2023\/08\/loguitobumasy.webp","contentUrl":"https:\/\/bumasyperu.com\/wp-content\/uploads\/2023\/08\/loguitobumasy.webp","width":250,"height":84,"caption":"Bumasy Solutions"},"image":{"@id":"https:\/\/bumasyperu.com\/#\/schema\/logo\/image\/"},"sameAs":["https:\/\/www.facebook.com\/people\/Bumasy-Peru\/100063554561785\/","https:\/\/www.instagram.com\/bumasysolutions\/","https:\/\/pe.linkedin.com\/company\/bumasyperu","https:\/\/www.youtube.com\/@bumasyperu6165"]}]}},"uagb_featured_image_src":{"full":["https:\/\/bumasyperu.com\/wp-content\/uploads\/2024\/04\/bobina-BE024BS.webp",2000,1990,false],"thumbnail":["https:\/\/bumasyperu.com\/wp-content\/uploads\/2024\/04\/bobina-BE024BS-150x150.webp",150,150,true],"medium":["https:\/\/bumasyperu.com\/wp-content\/uploads\/2024\/04\/bobina-BE024BS-300x300.webp",300,300,true],"medium_large":["https:\/\/bumasyperu.com\/wp-content\/uploads\/2024\/04\/bobina-BE024BS-768x764.webp",768,764,true],"large":["https:\/\/bumasyperu.com\/wp-content\/uploads\/2024\/04\/bobina-BE024BS-1024x1019.webp",800,796,true],"1536x1536":["https:\/\/bumasyperu.com\/wp-content\/uploads\/2024\/04\/bobina-BE024BS-1536x1528.webp",1536,1528,true],"2048x2048":["https:\/\/bumasyperu.com\/wp-content\/uploads\/2024\/04\/bobina-BE024BS.webp",2000,1990,false],"trp-custom-language-flag":["https:\/\/bumasyperu.com\/wp-content\/uploads\/2024\/04\/bobina-BE024BS.webp",12,12,false],"woocommerce_thumbnail":["https:\/\/bumasyperu.com\/wp-content\/uploads\/2024\/04\/bobina-BE024BS-300x300.webp",300,300,true],"woocommerce_single":["https:\/\/bumasyperu.com\/wp-content\/uploads\/2024\/04\/bobina-BE024BS-600x597.webp",600,597,true],"woocommerce_gallery_thumbnail":["https:\/\/bumasyperu.com\/wp-content\/uploads\/2024\/04\/bobina-BE024BS-100x100.webp",100,100,true],"sow-carousel-default":["https:\/\/bumasyperu.com\/wp-content\/uploads\/2024\/04\/bobina-BE024BS-272x182.webp",272,182,true]},"uagb_author_info":{"display_name":"admin","author_link":"https:\/\/bumasyperu.com\/en\/author\/"},"uagb_comment_info":0,"uagb_excerpt":"Bobina 24 VAC \/\/ 60 Hz \/\/ 14 W\u00a0 para valvulas tipo EVRC y EVRA con una temperatura de ambiente - 40 a 80 \u00b0C","_links":{"self":[{"href":"https:\/\/bumasyperu.com\/en\/wp-json\/wp\/v2\/product\/3381","targetHints":{"allow":["GET"]}}],"collection":[{"href":"https:\/\/bumasyperu.com\/en\/wp-json\/wp\/v2\/product"}],"about":[{"href":"https:\/\/bumasyperu.com\/en\/wp-json\/wp\/v2\/types\/product"}],"version-history":[{"count":1,"href":"https:\/\/bumasyperu.com\/en\/wp-json\/wp\/v2\/product\/3381\/revisions"}],"predecessor-version":[{"id":3383,"href":"https:\/\/bumasyperu.com\/en\/wp-json\/wp\/v2\/product\/3381\/revisions\/3383"}],"wp:featuredmedia":[{"embeddable":true,"href":"https:\/\/bumasyperu.com\/en\/wp-json\/wp\/v2\/media\/3382"}],"wp:attachment":[{"href":"https:\/\/bumasyperu.com\/en\/wp-json\/wp\/v2\/media?parent=3381"}],"wp:term":[{"taxonomy":"product_brand","embeddable":true,"href":"https:\/\/bumasyperu.com\/en\/wp-json\/wp\/v2\/product_brand?post=3381"},{"taxonomy":"product_cat","embeddable":true,"href":"https:\/\/bumasyperu.com\/en\/wp-json\/wp\/v2\/product_cat?post=3381"},{"taxonomy":"product_tag","embeddable":true,"href":"https:\/\/bumasyperu.com\/en\/wp-json\/wp\/v2\/product_tag?post=3381"}],"curies":[{"name":"wp","href":"https:\/\/api.w.org\/{rel}","templated":true}]}}